{"id":7134,"date":"2024-04-05T11:58:35","date_gmt":"2024-04-05T09:58:35","guid":{"rendered":"https:\/\/beinginbalance.nl\/?page_id=7134"},"modified":"2024-04-08T15:10:33","modified_gmt":"2024-04-08T13:10:33","slug":"cathy-same-lottin","status":"publish","type":"page","link":"https:\/\/beinginbalance.nl\/en\/cathy-same-lottin\/","title":{"rendered":"Cathy Same Lottin"},"content":{"rendered":"<div data-elementor-type=\"wp-page\" data-elementor-id=\"7134\" class=\"elementor elementor-7134\">\n\t\t\t\t\t\t<section class=\"elementor-section elementor-top-section elementor-element elementor-element-224995c elementor-section-boxed elementor-section-height-default elementor-section-height-default\" data-id=\"224995c\" data-element_type=\"section\">\n\t\t\t\t\t\t<div class=\"elementor-container elementor-column-gap-default\">\n\t\t\t\t\t<div class=\"elementor-column elementor-col-100 elementor-top-column elementor-element elementor-element-4f68c83\" data-id=\"4f68c83\" data-element_type=\"column\" data-settings=\"{&quot;background_background&quot;:&quot;classic&quot;}\">\n\t\t\t<div class=\"elementor-widget-wrap elementor-element-populated\">\n\t\t\t\t\t\t<section class=\"elementor-section elementor-inner-section elementor-element elementor-element-8e48736 elementor-section-boxed elementor-section-height-default elementor-section-height-default\" data-id=\"8e48736\" data-element_type=\"section\">\n\t\t\t\t\t\t<div class=\"elementor-container elementor-column-gap-wider\">\n\t\t\t\t\t<div class=\"elementor-column elementor-col-50 elementor-inner-column elementor-element elementor-element-61947f4\" data-id=\"61947f4\" data-element_type=\"column\">\n\t\t\t<div class=\"elementor-widget-wrap elementor-element-populated\">\n\t\t\t\t\t\t<div class=\"elementor-element elementor-element-0e4ec1c elementor-widget elementor-widget-image\" data-id=\"0e4ec1c\" data-element_type=\"widget\" data-widget_type=\"image.default\">\n\t\t\t\t<div class=\"elementor-widget-container\">\n\t\t\t\t\t\t\t\t\t\t\t\t\t\t\t<img fetchpriority=\"high\" decoding=\"async\" width=\"397\" height=\"399\" src=\"https:\/\/beinginbalance.nl\/wp-content\/uploads\/2024\/04\/Screenshot-2024-04-05-at-11.55.16-AM.png\" class=\"attachment-full size-full wp-image-7133\" alt=\"\" srcset=\"https:\/\/beinginbalance.nl\/wp-content\/uploads\/2024\/04\/Screenshot-2024-04-05-at-11.55.16-AM.png 397w, https:\/\/beinginbalance.nl\/wp-content\/uploads\/2024\/04\/Screenshot-2024-04-05-at-11.55.16-AM-298x300.png 298w, https:\/\/beinginbalance.nl\/wp-content\/uploads\/2024\/04\/Screenshot-2024-04-05-at-11.55.16-AM-150x150.png 150w, https:\/\/beinginbalance.nl\/wp-content\/uploads\/2024\/04\/Screenshot-2024-04-05-at-11.55.16-AM-12x12.png 12w\" sizes=\"(max-width: 397px) 100vw, 397px\" \/>\t\t\t\t\t\t\t\t\t\t\t\t\t\t\t<\/div>\n\t\t\t\t<\/div>\n\t\t\t\t\t<\/div>\n\t\t<\/div>\n\t\t\t\t<div class=\"elementor-column elementor-col-50 elementor-inner-column elementor-element elementor-element-0d6694c\" data-id=\"0d6694c\" data-element_type=\"column\">\n\t\t\t<div class=\"elementor-widget-wrap elementor-element-populated\">\n\t\t\t\t\t\t<div class=\"elementor-element elementor-element-f82345f elementor-widget elementor-widget-heading\" data-id=\"f82345f\" data-element_type=\"widget\" data-widget_type=\"heading.default\">\n\t\t\t\t<div class=\"elementor-widget-container\">\n\t\t\t\t\t<h2 class=\"elementor-heading-title elementor-size-default\">Cathy Same Lottin<\/h2>\t\t\t\t<\/div>\n\t\t\t\t<\/div>\n\t\t\t\t<div class=\"elementor-element elementor-element-ecf3643 elementor-shape-circle e-grid-align-left elementor-grid-0 elementor-widget elementor-widget-social-icons\" data-id=\"ecf3643\" data-element_type=\"widget\" data-widget_type=\"social-icons.default\">\n\t\t\t\t<div class=\"elementor-widget-container\">\n\t\t\t\t\t\t\t<div class=\"elementor-social-icons-wrapper elementor-grid\" role=\"list\">\n\t\t\t\t\t\t\t<span class=\"elementor-grid-item\" role=\"listitem\">\n\t\t\t\t\t<a class=\"elementor-icon elementor-social-icon elementor-social-icon-phone-alt elementor-repeater-item-fb2bf77\" href=\"tel:06-19411180\" target=\"_blank\">\n\t\t\t\t\t\t<span class=\"elementor-screen-only\">Phone alt<\/span>\n\t\t\t\t\t\t<i class=\"fas fa-phone-alt\"><\/i>\t\t\t\t\t<\/a>\n\t\t\t\t<\/span>\n\t\t\t\t\t\t\t<span class=\"elementor-grid-item\" role=\"listitem\">\n\t\t\t\t\t<a class=\"elementor-icon elementor-social-icon elementor-social-icon-envelope elementor-repeater-item-72fa6f9\" href=\"mailto:info@life-mindcreation.com\" target=\"_blank\">\n\t\t\t\t\t\t<span class=\"elementor-screen-only\">Envelope<\/span>\n\t\t\t\t\t\t<i class=\"fas fa-envelope\"><\/i>\t\t\t\t\t<\/a>\n\t\t\t\t<\/span>\n\t\t\t\t\t\t\t<span class=\"elementor-grid-item\" role=\"listitem\">\n\t\t\t\t\t<a class=\"elementor-icon elementor-social-icon elementor-social-icon-globe elementor-repeater-item-5f9c9fa\" href=\"http:\/\/www.life-mindcreation.com\" target=\"_blank\">\n\t\t\t\t\t\t<span class=\"elementor-screen-only\">Globe<\/span>\n\t\t\t\t\t\t<i class=\"fas fa-globe\"><\/i>\t\t\t\t\t<\/a>\n\t\t\t\t<\/span>\n\t\t\t\t\t<\/div>\n\t\t\t\t\t\t<\/div>\n\t\t\t\t<\/div>\n\t\t\t\t<div class=\"elementor-element elementor-element-2b697c7 elementor-widget elementor-widget-text-editor\" data-id=\"2b697c7\" data-element_type=\"widget\" data-widget_type=\"text-editor.default\">\n\t\t\t\t<div class=\"elementor-widget-container\">\n\t\t\t\t\t\t\t\t\t<p><strong>Place:<\/strong> Breukelen &amp; Online<\/p>\t\t\t\t\t\t\t\t<\/div>\n\t\t\t\t<\/div>\n\t\t\t\t\t<\/div>\n\t\t<\/div>\n\t\t\t\t\t<\/div>\n\t\t<\/section>\n\t\t\t\t\t<\/div>\n\t\t<\/div>\n\t\t\t\t\t<\/div>\n\t\t<\/section>\n\t\t\t\t<section class=\"elementor-section elementor-top-section elementor-element elementor-element-e67089b elementor-section-stretched elementor-section-boxed elementor-section-height-default elementor-section-height-default\" data-id=\"e67089b\" data-element_type=\"section\" data-settings=\"{&quot;stretch_section&quot;:&quot;section-stretched&quot;}\">\n\t\t\t\t\t\t<div class=\"elementor-container elementor-column-gap-default\">\n\t\t\t\t\t<div class=\"elementor-column elementor-col-100 elementor-top-column elementor-element elementor-element-1cc11e5\" data-id=\"1cc11e5\" data-element_type=\"column\">\n\t\t\t<div class=\"elementor-widget-wrap elementor-element-populated\">\n\t\t\t\t\t\t<div class=\"elementor-element elementor-element-85707f5 elementor-widget elementor-widget-text-editor\" data-id=\"85707f5\" data-element_type=\"widget\" data-widget_type=\"text-editor.default\">\n\t\t\t\t<div class=\"elementor-widget-container\">\n\t\t\t\t\t\t\t\t\t<h3><b>About Cathy<\/b><\/h3><p><b><i>Empathetic, Enthusiastic, Efficient, Inspirational, Optimistic and Goal-oriented<br \/><\/i><\/b><\/p><h3><strong>Where do you come from?<\/strong><\/h3><p style=\"font-weight: 400;\">Thanks to my extensive experience as a Mensendieck exercise therapist (since 2004), I have provided at least 30,000 treatments in the field of dealing with pain, stress and increasing resilience in children from 8 to adults from 88 years old. Because I like to look off the beaten track, I have further developed as a massage therapist, yoga pilates teacher and Heartmath therapist. Biofeedback (scientific measuring methods) has always been part of my treatments. My patients have also given me a broader view of health. When I ended up in a difficult medical process (breast cancer) in 2017-2019, my personal search for healing gave me even more insights. Especially the impact of our mindset, nutrition, energy and everything we consume. I also realized how important it is to unite medical and complementary care. As a Highly Sensitive Person, all this has also led me to be vegan, avoid lactose, gluten and refined sugars and pursue a lifestyle that is as natural and toxic-free as possible. In addition to having done various research in luxury wellness resorts, I have also developed over the past 10 years as a Sound Vibrational Therapist and I am a big fan of the use of essential oils. I see myself as a Multi-focus Therapist in which I combine medical insights with wellness.<\/p><h3 style=\"font-weight: 400;\"><strong>Where are you now?<\/strong><\/h3><p style=\"font-weight: 400;\">The vision of my practice NEWWAVES LIFESTYLE is to create a healthier world and empower people to fulfill their greatest potential with knowledge and self-understanding. My mission is to create a movement of powerful people who live happy, relaxed and vital lives. To look more broadly at complaints, to delve into limited beliefs and unresolved traumas and to reconnect people with their hearts and passions. This creates opportunities to create and manifest for the future, with the intention of achieving a sustainable effect in which:<\/p><ul><li style=\"font-weight: 400;\">Healing comes from within and that body, brain, stomach and heart are connected<\/li><li style=\"font-weight: 400;\">Mindfulness and heartfulness (the inner compass) help you find strength, peace and confidence<\/li><li style=\"font-weight: 400;\">Optimization of health in addition to any medication or medical interventions is possible by joining forces<\/li><li style=\"font-weight: 400;\">My vision of &#039;medical wellness&#039; helps to use multiple senses for relaxation because I know from experience that this is the basis for optimal recovery.<\/li><\/ul><h3><strong>Where are you going?<\/strong><\/h3><div class=\"Qr7Oae\" role=\"listitem\"><div class=\"OxAavc NVbRL\" data-item-id=\"1813456339\"><div class=\"Ih4Dzb\"><div class=\"q4tvle JqSWld yqQS1\">The Being-in-Balance scan and coaching method is the ideal way to make stress sources visible on various fronts. A great tool that allows you to tackle problems from the source. I want to work with doctors and specialists who see this as a supplement to their own expertise for the benefit of the \u201cpatient\u201d and are open to primary and secondary prevention. I would like to continue to broaden my knowledge and successfully guide people who dare to look further, because there are always more roads that lead to Rome.<\/div><\/div><\/div><\/div><div class=\"Qr7Oae\" role=\"listitem\"><div class=\"OxAavc NVbRL\" data-item-id=\"1677327144\"><div class=\"pYfr3c\"><div class=\"prOLdf\"><div class=\"g53bl\"><div class=\"cTDvob D1wxyf RjsPE\" role=\"heading\" aria-level=\"3\" aria-describedby=\"i.desc.1677327144\">\u00a0<\/div><\/div><\/div><\/div><\/div><\/div><h3 style=\"font-weight: 400;\"><strong>My personal mission:<\/strong>\u00a0<\/h3><div class=\"Qr7Oae\" role=\"listitem\"><div class=\"OxAavc NVbRL\" data-item-id=\"1677327144\"><div class=\"Ih4Dzb\"><div class=\"q4tvle JqSWld yqQS1\">My life quote is: \u201cturn difficult roads into a beautiful destination\u201d. I wish that for every person. You can learn from every difficult situation, gain strength and come out stronger as long as you have the right focus. We can often do more than we think! I am happy to pass on this knowledge. In addition, I want to continue to do my &#039;work&#039; with love and enthusiasm and hope that my contribution makes people, the world and nature a little more beautiful.<\/div><\/div><\/div><\/div>\t\t\t\t\t\t\t\t<\/div>\n\t\t\t\t<\/div>\n\t\t\t\t\t<\/div>\n\t\t<\/div>\n\t\t\t\t\t<\/div>\n\t\t<\/section>\n\t\t\t\t<\/div>","protected":false},"excerpt":{"rendered":"<p>Cathy Sam\u00e9 Lottin Phone-alt Envelope Globe Location: Breukelen &amp; Online About Cathy Empathetic, Enthusiastic, Efficient, Inspiring, Optimistic and Goal-oriented Where are you from? Through my extensive experience as a Mensendieck exercise therapist (since 2004), I have given at least 30,000 treatments in the field of dealing with pain, stress and increasing resilience in children aged 8 [\u2026]<\/p>","protected":false},"author":6,"featured_media":0,"parent":0,"menu_order":0,"comment_status":"closed","ping_status":"closed","template":"","meta":{"site-sidebar-layout":"no-sidebar","site-content-layout":"page-builder","ast-site-content-layout":"full-width-container","site-content-style":"unboxed","site-sidebar-style":"unboxed","ast-global-header-display":"","ast-banner-title-visibility":"","ast-main-header-display":"","ast-hfb-above-header-display":"","ast-hfb-below-header-display":"","ast-hfb-mobile-header-display":"","site-post-title":"disabled","ast-breadcrumbs-content":"","ast-featured-img":"disabled","footer-sml-layout":"","theme-transparent-header-meta":null,"adv-header-id-meta":null,"stick-header-meta":null,"header-above-stick-meta":"","header-main-stick-meta":"","header-below-stick-meta":"","astra-migrate-meta-layouts":"set","ast-page-background-enabled":"default","ast-page-background-meta":{"desktop":{"background-color":"","background-image":"","background-repeat":"repeat","background-position":"center center","background-size":"auto","background-attachment":"scroll","background-type":"","background-media":"","overlay-type":"","overlay-color":"","overlay-opacity":"","overlay-gradient":""},"tablet":{"background-color":"","background-image":"","background-repeat":"repeat","background-position":"center center","background-size":"auto","background-attachment":"scroll","background-type":"","background-media":"","overlay-type":"","overlay-color":"","overlay-opacity":"","overlay-gradient":""},"mobile":{"background-color":"","background-image":"","background-repeat":"repeat","background-position":"center center","background-size":"auto","background-attachment":"scroll","background-type":"","background-media":"","overlay-type":"","overlay-color":"","overlay-opacity":"","overlay-gradient":""}},"ast-content-background-meta":{"desktop":{"background-color":"var(--ast-global-color-5)","background-image":"","background-repeat":"repeat","background-position":"center center","background-size":"auto","background-attachment":"scroll","background-type":"","background-media":"","overlay-type":"","overlay-color":"","overlay-opacity":"","overlay-gradient":""},"tablet":{"background-color":"var(--ast-global-color-5)","background-image":"","background-repeat":"repeat","background-position":"center center","background-size":"auto","background-attachment":"scroll","background-type":"","background-media":"","overlay-type":"","overlay-color":"","overlay-opacity":"","overlay-gradient":""},"mobile":{"background-color":"var(--ast-global-color-5)","background-image":"","background-repeat":"repeat","background-position":"center center","background-size":"auto","background-attachment":"scroll","background-type":"","background-media":"","overlay-type":"","overlay-color":"","overlay-opacity":"","overlay-gradient":""}},"footnotes":null},"class_list":["post-7134","page","type-page","status-publish","hentry"],"yoast_head":"<!-- This site is optimized with the Yoast SEO plugin v25.3 - https:\/\/yoast.com\/wordpress\/plugins\/seo\/ -->\n<title>Cathy Sam\u00e9 Lottin - Being in Balance<\/title>\n<meta name=\"robots\" content=\"index, follow, max-snippet:-1, max-image-preview:large, max-video-preview:-1\" \/>\n<link rel=\"canonical\" href=\"https:\/\/beinginbalance.nl\/en\/cathy-same-lottin\/\" \/>\n<meta property=\"og:locale\" content=\"en_GB\" \/>\n<meta property=\"og:type\" content=\"article\" \/>\n<meta property=\"og:title\" content=\"Cathy Sam\u00e9 Lottin - Being in Balance\" \/>\n<meta property=\"og:description\" content=\"Cathy Sam\u00e9 Lottin Phone-alt Envelope Globe Plaats: Breukelen &amp; Online Over Cathy Empatisch, Enthousiast, Effici\u00ebnt, Inpirerend, Optimistisch en Doelgericht Waar kom je vandaan? Door mijn ruime ervaring als oefentherapeut Mensendieck (sinds 2004) heb ik minstens 30.000 behandelingen gegeven op het gebied van omgaan met pijn, stress en het vergroten van veerkracht bij kinderen van 8 [&hellip;]\" \/>\n<meta property=\"og:url\" content=\"https:\/\/beinginbalance.nl\/en\/cathy-same-lottin\/\" \/>\n<meta property=\"og:site_name\" content=\"Being in Balance\" \/>\n<meta property=\"article:modified_time\" content=\"2024-04-08T13:10:33+00:00\" \/>\n<meta property=\"og:image\" content=\"https:\/\/beinginbalance.nl\/wp-content\/uploads\/2024\/04\/Screenshot-2024-04-05-at-11.55.16-AM.png\" \/>\n<meta name=\"twitter:card\" content=\"summary_large_image\" \/>\n<meta name=\"twitter:label1\" content=\"Estimated reading time\" \/>\n\t<meta name=\"twitter:data1\" content=\"3 minutes\" \/>\n<script type=\"application\/ld+json\" class=\"yoast-schema-graph\">{\"@context\":\"https:\/\/schema.org\",\"@graph\":[{\"@type\":\"WebPage\",\"@id\":\"https:\/\/beinginbalance.nl\/cathy-same-lottin\/\",\"url\":\"https:\/\/beinginbalance.nl\/cathy-same-lottin\/\",\"name\":\"Cathy Sam\u00e9 Lottin - Being in Balance\",\"isPartOf\":{\"@id\":\"https:\/\/beinginbalance.nl\/#website\"},\"primaryImageOfPage\":{\"@id\":\"https:\/\/beinginbalance.nl\/cathy-same-lottin\/#primaryimage\"},\"image\":{\"@id\":\"https:\/\/beinginbalance.nl\/cathy-same-lottin\/#primaryimage\"},\"thumbnailUrl\":\"https:\/\/beinginbalance.nl\/wp-content\/uploads\/2024\/04\/Screenshot-2024-04-05-at-11.55.16-AM.png\",\"datePublished\":\"2024-04-05T09:58:35+00:00\",\"dateModified\":\"2024-04-08T13:10:33+00:00\",\"breadcrumb\":{\"@id\":\"https:\/\/beinginbalance.nl\/cathy-same-lottin\/#breadcrumb\"},\"inLanguage\":\"en-GB\",\"potentialAction\":[{\"@type\":\"ReadAction\",\"target\":[\"https:\/\/beinginbalance.nl\/cathy-same-lottin\/\"]}]},{\"@type\":\"ImageObject\",\"inLanguage\":\"en-GB\",\"@id\":\"https:\/\/beinginbalance.nl\/cathy-same-lottin\/#primaryimage\",\"url\":\"https:\/\/beinginbalance.nl\/wp-content\/uploads\/2024\/04\/Screenshot-2024-04-05-at-11.55.16-AM.png\",\"contentUrl\":\"https:\/\/beinginbalance.nl\/wp-content\/uploads\/2024\/04\/Screenshot-2024-04-05-at-11.55.16-AM.png\"},{\"@type\":\"BreadcrumbList\",\"@id\":\"https:\/\/beinginbalance.nl\/cathy-same-lottin\/#breadcrumb\",\"itemListElement\":[{\"@type\":\"ListItem\",\"position\":1,\"name\":\"Home\",\"item\":\"https:\/\/beinginbalance.nl\/\"},{\"@type\":\"ListItem\",\"position\":2,\"name\":\"Cathy Sam\u00e9 Lottin\"}]},{\"@type\":\"WebSite\",\"@id\":\"https:\/\/beinginbalance.nl\/#website\",\"url\":\"https:\/\/beinginbalance.nl\/\",\"name\":\"Being in Balance\",\"description\":\"Meetbaar in minuten, Transformatie voor het leven\",\"publisher\":{\"@id\":\"https:\/\/beinginbalance.nl\/#organization\"},\"potentialAction\":[{\"@type\":\"SearchAction\",\"target\":{\"@type\":\"EntryPoint\",\"urlTemplate\":\"https:\/\/beinginbalance.nl\/?s={search_term_string}\"},\"query-input\":{\"@type\":\"PropertyValueSpecification\",\"valueRequired\":true,\"valueName\":\"search_term_string\"}}],\"inLanguage\":\"en-GB\"},{\"@type\":\"Organization\",\"@id\":\"https:\/\/beinginbalance.nl\/#organization\",\"name\":\"Being in Balance\",\"url\":\"https:\/\/beinginbalance.nl\/\",\"logo\":{\"@type\":\"ImageObject\",\"inLanguage\":\"en-GB\",\"@id\":\"https:\/\/beinginbalance.nl\/#\/schema\/logo\/image\/\",\"url\":\"https:\/\/beinginbalance.nl\/wp-content\/uploads\/2022\/04\/cropped-bib-logo-400x200-1.png\",\"contentUrl\":\"https:\/\/beinginbalance.nl\/wp-content\/uploads\/2022\/04\/cropped-bib-logo-400x200-1.png\",\"width\":400,\"height\":173,\"caption\":\"Being in Balance\"},\"image\":{\"@id\":\"https:\/\/beinginbalance.nl\/#\/schema\/logo\/image\/\"},\"sameAs\":[\"https:\/\/www.linkedin.com\/company\/beinginbalance\/\"]}]}<\/script>\n<!-- \/ Yoast SEO plugin. -->","yoast_head_json":{"title":"Cathy Sam\u00e9 Lottin - Being in Balance","robots":{"index":"index","follow":"follow","max-snippet":"max-snippet:-1","max-image-preview":"max-image-preview:large","max-video-preview":"max-video-preview:-1"},"canonical":"https:\/\/beinginbalance.nl\/en\/cathy-same-lottin\/","og_locale":"en_GB","og_type":"article","og_title":"Cathy Sam\u00e9 Lottin - Being in Balance","og_description":"Cathy Sam\u00e9 Lottin Phone-alt Envelope Globe Plaats: Breukelen &amp; Online Over Cathy Empatisch, Enthousiast, Effici\u00ebnt, Inpirerend, Optimistisch en Doelgericht Waar kom je vandaan? Door mijn ruime ervaring als oefentherapeut Mensendieck (sinds 2004) heb ik minstens 30.000 behandelingen gegeven op het gebied van omgaan met pijn, stress en het vergroten van veerkracht bij kinderen van 8 [&hellip;]","og_url":"https:\/\/beinginbalance.nl\/en\/cathy-same-lottin\/","og_site_name":"Being in Balance","article_modified_time":"2024-04-08T13:10:33+00:00","og_image":[{"url":"https:\/\/beinginbalance.nl\/wp-content\/uploads\/2024\/04\/Screenshot-2024-04-05-at-11.55.16-AM.png","type":"","width":"","height":""}],"twitter_card":"summary_large_image","twitter_misc":{"Estimated reading time":"3 minutes"},"schema":{"@context":"https:\/\/schema.org","@graph":[{"@type":"WebPage","@id":"https:\/\/beinginbalance.nl\/cathy-same-lottin\/","url":"https:\/\/beinginbalance.nl\/cathy-same-lottin\/","name":"Cathy Sam\u00e9 Lottin - Being in Balance","isPartOf":{"@id":"https:\/\/beinginbalance.nl\/#website"},"primaryImageOfPage":{"@id":"https:\/\/beinginbalance.nl\/cathy-same-lottin\/#primaryimage"},"image":{"@id":"https:\/\/beinginbalance.nl\/cathy-same-lottin\/#primaryimage"},"thumbnailUrl":"https:\/\/beinginbalance.nl\/wp-content\/uploads\/2024\/04\/Screenshot-2024-04-05-at-11.55.16-AM.png","datePublished":"2024-04-05T09:58:35+00:00","dateModified":"2024-04-08T13:10:33+00:00","breadcrumb":{"@id":"https:\/\/beinginbalance.nl\/cathy-same-lottin\/#breadcrumb"},"inLanguage":"en-GB","potentialAction":[{"@type":"ReadAction","target":["https:\/\/beinginbalance.nl\/cathy-same-lottin\/"]}]},{"@type":"ImageObject","inLanguage":"en-GB","@id":"https:\/\/beinginbalance.nl\/cathy-same-lottin\/#primaryimage","url":"https:\/\/beinginbalance.nl\/wp-content\/uploads\/2024\/04\/Screenshot-2024-04-05-at-11.55.16-AM.png","contentUrl":"https:\/\/beinginbalance.nl\/wp-content\/uploads\/2024\/04\/Screenshot-2024-04-05-at-11.55.16-AM.png"},{"@type":"BreadcrumbList","@id":"https:\/\/beinginbalance.nl\/cathy-same-lottin\/#breadcrumb","itemListElement":[{"@type":"ListItem","position":1,"name":"Home","item":"https:\/\/beinginbalance.nl\/"},{"@type":"ListItem","position":2,"name":"Cathy Sam\u00e9 Lottin"}]},{"@type":"WebSite","@id":"https:\/\/beinginbalance.nl\/#website","url":"https:\/\/beinginbalance.nl\/","name":"Being in Balance","description":"Meetbaar in minuten, Transformatie voor het leven","publisher":{"@id":"https:\/\/beinginbalance.nl\/#organization"},"potentialAction":[{"@type":"SearchAction","target":{"@type":"EntryPoint","urlTemplate":"https:\/\/beinginbalance.nl\/?s={search_term_string}"},"query-input":{"@type":"PropertyValueSpecification","valueRequired":true,"valueName":"search_term_string"}}],"inLanguage":"en-GB"},{"@type":"Organization","@id":"https:\/\/beinginbalance.nl\/#organization","name":"Being in Balance","url":"https:\/\/beinginbalance.nl\/","logo":{"@type":"ImageObject","inLanguage":"en-GB","@id":"https:\/\/beinginbalance.nl\/#\/schema\/logo\/image\/","url":"https:\/\/beinginbalance.nl\/wp-content\/uploads\/2022\/04\/cropped-bib-logo-400x200-1.png","contentUrl":"https:\/\/beinginbalance.nl\/wp-content\/uploads\/2022\/04\/cropped-bib-logo-400x200-1.png","width":400,"height":173,"caption":"Being in Balance"},"image":{"@id":"https:\/\/beinginbalance.nl\/#\/schema\/logo\/image\/"},"sameAs":["https:\/\/www.linkedin.com\/company\/beinginbalance\/"]}]}},"_links":{"self":[{"href":"https:\/\/beinginbalance.nl\/en\/wp-json\/wp\/v2\/pages\/7134","targetHints":{"allow":["GET"]}}],"collection":[{"href":"https:\/\/beinginbalance.nl\/en\/wp-json\/wp\/v2\/pages"}],"about":[{"href":"https:\/\/beinginbalance.nl\/en\/wp-json\/wp\/v2\/types\/page"}],"author":[{"embeddable":true,"href":"https:\/\/beinginbalance.nl\/en\/wp-json\/wp\/v2\/users\/6"}],"replies":[{"embeddable":true,"href":"https:\/\/beinginbalance.nl\/en\/wp-json\/wp\/v2\/comments?post=7134"}],"version-history":[{"count":10,"href":"https:\/\/beinginbalance.nl\/en\/wp-json\/wp\/v2\/pages\/7134\/revisions"}],"predecessor-version":[{"id":7220,"href":"https:\/\/beinginbalance.nl\/en\/wp-json\/wp\/v2\/pages\/7134\/revisions\/7220"}],"wp:attachment":[{"href":"https:\/\/beinginbalance.nl\/en\/wp-json\/wp\/v2\/media?parent=7134"}],"curies":[{"name":"wp","href":"https:\/\/api.w.org\/{rel}","templated":true}]}}